{"id":1620,"date":"2021-12-20T10:59:44","date_gmt":"2021-12-20T09:59:44","guid":{"rendered":"https:\/\/net-project.eu\/?page_id=1620"},"modified":"2021-12-20T11:00:50","modified_gmt":"2021-12-20T10:00:50","slug":"web-mobil-uygulama-egitici-oyunlar","status":"publish","type":"page","link":"https:\/\/net-project.eu\/tr\/web-mobil-uygulama-egitici-oyunlar\/","title":{"rendered":"Web &#038; Mobil uygulama, E\u011fitici Oyunlar"},"content":{"rendered":"\t\t<div data-elementor-type=\"wp-page\" data-elementor-id=\"1620\" class=\"elementor elementor-1620 elementor-1578\">\n\t\t\t\t\t\t\t\t\t<section class=\"elementor-section elementor-top-section elementor-element elementor-element-55b9096 elementor-section-boxed elementor-section-height-default elementor-section-height-default\" data-id=\"55b9096\" data-element_type=\"section\">\n\t\t\t\t\t\t<div class=\"elementor-container elementor-column-gap-default\">\n\t\t\t\t\t<div class=\"elementor-column elementor-col-33 elementor-top-column elementor-element elementor-element-3305fc1\" data-id=\"3305fc1\" data-element_type=\"column\">\n\t\t\t<div class=\"elementor-widget-wrap elementor-element-populated\">\n\t\t\t\t\t\t\t\t<div class=\"elementor-element elementor-element-7760cc2 elementor-widget elementor-widget-image\" data-id=\"7760cc2\" data-element_type=\"widget\" data-settings=\"{&quot;motion_fx_motion_fx_scrolling&quot;:&quot;yes&quot;,&quot;motion_fx_translateY_effect&quot;:&quot;yes&quot;,&quot;motion_fx_translateY_speed&quot;:{&quot;unit&quot;:&quot;px&quot;,&quot;size&quot;:2.6,&quot;sizes&quot;:[]},&quot;motion_fx_translateY_affectedRange&quot;:{&quot;unit&quot;:&quot;%&quot;,&quot;size&quot;:&quot;&quot;,&quot;sizes&quot;:{&quot;start&quot;:0,&quot;end&quot;:100}},&quot;motion_fx_devices&quot;:[&quot;desktop&quot;,&quot;tablet&quot;,&quot;mobile&quot;]}\" data-widget_type=\"image.default\">\n\t\t\t\t<div class=\"elementor-widget-container\">\n\t\t\t\t\t\t\t\t\t\t\t\t\t\t\t<img loading=\"lazy\" decoding=\"async\" width=\"500\" height=\"699\" src=\"https:\/\/net-project.eu\/wp-content\/uploads\/2020\/06\/results-002.png\" class=\"attachment-large size-large wp-image-239\" alt=\"\" srcset=\"https:\/\/net-project.eu\/wp-content\/uploads\/2020\/06\/results-002.png 500w, https:\/\/net-project.eu\/wp-content\/uploads\/2020\/06\/results-002-215x300.png 215w\" sizes=\"(max-width: 500px) 100vw, 500px\" \/>\t\t\t\t\t\t\t\t\t\t\t\t\t\t\t<\/div>\n\t\t\t\t<\/div>\n\t\t\t\t\t<\/div>\n\t\t<\/div>\n\t\t\t\t<div class=\"elementor-column elementor-col-33 elementor-top-column elementor-element elementor-element-178f7aa\" data-id=\"178f7aa\" data-element_type=\"column\">\n\t\t\t<div class=\"elementor-widget-wrap elementor-element-populated\">\n\t\t\t\t\t\t\t\t<div class=\"elementor-element elementor-element-279bb68 elementor-widget elementor-widget-heading\" data-id=\"279bb68\" data-element_type=\"widget\" data-widget_type=\"heading.default\">\n\t\t\t\t<div class=\"elementor-widget-container\">\n\t\t\t<h2 class=\"elementor-heading-title elementor-size-default\">Web & Mobil uygulama, E\u011fitici Oyunlar<\/h2>\t\t<\/div>\n\t\t\t\t<\/div>\n\t\t\t\t<div class=\"elementor-element elementor-element-79f8709 elementor-widget-divider--view-line elementor-widget elementor-widget-divider\" data-id=\"79f8709\" data-element_type=\"widget\" data-widget_type=\"divider.default\">\n\t\t\t\t<div class=\"elementor-widget-container\">\n\t\t\t\t\t<div class=\"elementor-divider\">\n\t\t\t<span class=\"elementor-divider-separator\">\n\t\t\t\t\t\t<\/span>\n\t\t<\/div>\n\t\t\t\t<\/div>\n\t\t\t\t<\/div>\n\t\t\t\t<div class=\"elementor-element elementor-element-f990bf4 elementor-mobile-align-justify elementor-widget elementor-widget-button\" data-id=\"f990bf4\" data-element_type=\"widget\" data-widget_type=\"button.default\">\n\t\t\t\t<div class=\"elementor-widget-container\">\n\t\t\t\t\t<div class=\"elementor-button-wrapper\">\n\t\t\t<a class=\"elementor-button elementor-button-link elementor-size-sm\" href=\"https:\/\/net-project.eu\/manuals\/trManual.pdf\" target=\"_blank\">\n\t\t\t\t\t\t<span class=\"elementor-button-content-wrapper\">\n\t\t\t\t\t\t<span class=\"elementor-button-text\"> \u0130ND\u0130R<\/span>\n\t\t<\/span>\n\t\t\t\t\t<\/a>\n\t\t<\/div>\n\t\t\t\t<\/div>\n\t\t\t\t<\/div>\n\t\t\t\t<div class=\"elementor-element elementor-element-3e06df7 elementor-widget elementor-widget-bdt-modal\" data-id=\"3e06df7\" data-element_type=\"widget\" data-widget_type=\"bdt-modal.default\">\n\t\t\t\t<div class=\"elementor-widget-container\">\n\t\t\t\t\t<div class=\"bdt-modal-wrapper\">\n\n\t\t\t\t\t\t\t<a class=\"bdt-modal-button elementor-button elementor-size-sm\" data-bdt-toggle=\"target: #bdt-modal-3e06df7\" href=\"javascript:void(0)\">\n\t\t\t\t\t<!-- <span > -->\n\t\t\t\t\t\t\t\t\t\t\t\t<span class=\"elementor-button-text\">\u00e7evrimi\u00e7i oku<\/span>\n\t\t\t\t\t\t<!-- <\/span> -->\n\t\t\t\t\t<\/a>\n\t\t\t\t\t\t\n\n\t\t\t<div id=\"bdt-modal-3e06df7\" class=\"bdt-modal-3e06df7 bdt-modal bdt-modal-full\" data-bdt-modal=\"\" data-settings=\"{&quot;id&quot;:&quot;bdt-modal-3e06df7&quot;,&quot;layout&quot;:&quot;default&quot;,&quot;delayed&quot;:false,&quot;dev&quot;:false,&quot;displayTimes&quot;:null,&quot;scrollDirection&quot;:false,&quot;scrollOffset&quot;:false,&quot;scrollSelector&quot;:false,&quot;afterInactivity&quot;:false,&quot;modal_id&quot;:&quot;#bdt-modal-3e06df7&quot;,&quot;custom_section&quot;:false,&quot;closeBtnDelayShow&quot;:false,&quot;delayTime&quot;:false,&quot;pageID&quot;:1620}\">\n\t\t\t\t<div class=\"bdt-modal-dialog\">\n\n\t\t\t\t\t\t\t\t\t\t\t<button class=\"bdt-modal-close-default elementor-animation-\" id=\"bdt-modal-close-button\" type=\"button\" data-bdt-close><\/button>\n\t\t\t\t\t\n\t\t\t\t\t\n\t\t\t\t\t<div bdt-height-viewport=\"offset-top: .bdt-modal-header; offset-bottom: .bdt-modal-footer\" class=\"bdt-modal-body bdt-text-\">\n\t\t\t\t\t\t<div style=\"display:block\">\n<!-- FlowPaper PDF flipbook plugin v.2.0.4 wordpress.org\/plugins\/flowpaper\/ -->\n<iframe title=\"FlowPaper website pdf viewer\" width=\"100%\" height=\"500\" scrolling=\"no\" class=\"flowpaper-class\" frameborder=\"0\" allowFullScreen=\"true\" lightbox=\"false\" cover id src = \"https:\/\/flowpaper.com\/flipbook\/?pdf=https:\/\/net-project.eu\/manuals\/trManual.pdf&#038;title=&#038;header=&#038;theme=&#038;singlepage=&#038;thumbs=1&#038;modified=2112201100\" seamless=\"seamless\" style=\"margin-bottom:0;display:block;\">Your browser does not seem to support iframes. <a href=\"https:\/\/flowpaper.com\/flipbook\/?pdf=https:\/\/net-project.eu\/manuals\/trManual.pdf\" target=\"_blank\">Click here to read this PDF<\/a>.<\/iframe>\n<div id=\"flowpaper-logo-bottom\" class=\"flowpaper-logo-bg\" style=\"background:linear-gradient(to right, rgba(0,0,0,0.65) 0%,rgba(0,0,0,0) 200px);width:100%;height:19px; padding-bottom: 1px; padding-left: 5px; padding-right: 10px; display: flex; align-items: center;z-index:9999\"><span style=\"height: 37px; padding-left: 6px;width:90%\"> <a id=\"flowpaper-link\" style=\"fill: #fff\" alt=\"FlowPaper logotype\" title=\"FlowPaper logotype\" href=\"https:\/\/flowpaper.com\" target=\"_blank\"> <img decoding=\"async\" alt=\"Publish PDF flipbooks online\" style=\"height:17px;width:auto;margin-top:11px;\" src=\"https:\/\/net-project.eu\/wp-content\/plugins\/flowpaper-lite-pdf-flipbook\/assets\/flowpaper-logo.png\" border=\"0\"> <\/a> <\/span><span style=\" float: right; right: 0; font-size: 10px; white-space: nowrap; opacity:0.8\"><a href=\"https:\/\/flowpaper.com\/flipbook-maker\/\" target=\"_new\" style=\"text-decoration:none;border-bottom:none;\">Convert your PDF to digital flipbook &#8599;<\/a><\/span><\/div><\/div>\r\n                <script>\r\n                document.addEventListener(\"DOMContentLoaded\", function(){\r\n                    var target_element, iframe_element;\r\n                    iframe_element = document.querySelector(\"iframe.flowpaper-class\");\r\n                    target_element = document.querySelector(\"\");\r\n                    iframe_element.style.height = target_element.offsetHeight + \"px\";\r\n                });\r\n                <\/script>\r\n            \t\t\t\t\t<\/div>\n\n\t\t\t\t\t\t\t\t\t<\/div>\n\t\t\t<\/div>\n\t\t<\/div>\n \n\t\t\t\t<\/div>\n\t\t\t\t<\/div>\n\t\t\t\t\t<\/div>\n\t\t<\/div>\n\t\t\t\t<div class=\"elementor-column elementor-col-33 elementor-top-column elementor-element elementor-element-5700232\" data-id=\"5700232\" data-element_type=\"column\">\n\t\t\t<div class=\"elementor-widget-wrap elementor-element-populated\">\n\t\t\t\t\t\t\t\t<div class=\"elementor-element elementor-element-6a048e0 elementor-widget elementor-widget-spacer\" data-id=\"6a048e0\" data-element_type=\"widget\" data-widget_type=\"spacer.default\">\n\t\t\t\t<div class=\"elementor-widget-container\">\n\t\t\t\t\t<div class=\"elementor-spacer\">\n\t\t\t<div class=\"elementor-spacer-inner\"><\/div>\n\t\t<\/div>\n\t\t\t\t<\/div>\n\t\t\t\t<\/div>\n\t\t\t\t\t<\/div>\n\t\t<\/div>\n\t\t\t\t\t\t\t<\/div>\n\t\t<\/section>\n\t\t\t\t\t\t\t<\/div>\n\t\t","protected":false},"excerpt":{"rendered":"<p>Web &#038; Mobil uygulama, E\u011fitici Oyunlar \u0130ND\u0130R \u00e7evrimi\u00e7i oku Your browser does not seem to support iframes. Click here to read this PDF. Convert your PDF to digital flipbook &#8599;<\/p>\n","protected":false},"author":2,"featured_media":0,"parent":0,"menu_order":0,"comment_status":"closed","ping_status":"closed","template":"","meta":{"_mi_skip_tracking":false,"site-sidebar-layout":"no-sidebar","site-content-layout":"page-builder","ast-site-content-layout":"","site-content-style":"default","site-sidebar-style":"default","ast-global-header-display":"","ast-banner-title-visibility":"","ast-main-header-display":"","ast-hfb-above-header-display":"","ast-hfb-below-header-display":"","ast-hfb-mobile-header-display":"","site-post-title":"disabled","ast-breadcrumbs-content":"","ast-featured-img":"disabled","footer-sml-layout":"","theme-transparent-header-meta":"default","adv-header-id-meta":"","stick-header-meta":"","header-above-stick-meta":"","header-main-stick-meta":"","header-below-stick-meta":"","astra-migrate-meta-layouts":"","ast-page-background-enabled":"default","ast-page-background-meta":{"desktop":{"background-color":"","background-image":"","background-repeat":"repeat","background-position":"center center","background-size":"auto","background-attachment":"scroll","background-type":"","background-media":"","overlay-type":"","overlay-color":"","overlay-gradient":""},"tablet":{"background-color":"","background-image":"","background-repeat":"repeat","background-position":"center center","background-size":"auto","background-attachment":"scroll","background-type":"","background-media":"","overlay-type":"","overlay-color":"","overlay-gradient":""},"mobile":{"background-color":"","background-image":"","background-repeat":"repeat","background-position":"center center","background-size":"auto","background-attachment":"scroll","background-type":"","background-media":"","overlay-type":"","overlay-color":"","overlay-gradient":""}},"ast-content-background-meta":{"desktop":{"background-color":"var(--ast-global-color-5)","background-image":"","background-repeat":"repeat","background-position":"center center","background-size":"auto","background-attachment":"scroll","background-type":"","background-media":"","overlay-type":"","overlay-color":"","overlay-gradient":""},"tablet":{"background-color":"var(--ast-global-color-5)","background-image":"","background-repeat":"repeat","background-position":"center center","background-size":"auto","background-attachment":"scroll","background-type":"","background-media":"","overlay-type":"","overlay-color":"","overlay-gradient":""},"mobile":{"background-color":"var(--ast-global-color-5)","background-image":"","background-repeat":"repeat","background-position":"center center","background-size":"auto","background-attachment":"scroll","background-type":"","background-media":"","overlay-type":"","overlay-color":"","overlay-gradient":""}},"footnotes":""},"_links":{"self":[{"href":"https:\/\/net-project.eu\/tr\/wp-json\/wp\/v2\/pages\/1620"}],"collection":[{"href":"https:\/\/net-project.eu\/tr\/wp-json\/wp\/v2\/pages"}],"about":[{"href":"https:\/\/net-project.eu\/tr\/wp-json\/wp\/v2\/types\/page"}],"author":[{"embeddable":true,"href":"https:\/\/net-project.eu\/tr\/wp-json\/wp\/v2\/users\/2"}],"replies":[{"embeddable":true,"href":"https:\/\/net-project.eu\/tr\/wp-json\/wp\/v2\/comments?post=1620"}],"version-history":[{"count":4,"href":"https:\/\/net-project.eu\/tr\/wp-json\/wp\/v2\/pages\/1620\/revisions"}],"predecessor-version":[{"id":1624,"href":"https:\/\/net-project.eu\/tr\/wp-json\/wp\/v2\/pages\/1620\/revisions\/1624"}],"wp:attachment":[{"href":"https:\/\/net-project.eu\/tr\/wp-json\/wp\/v2\/media?parent=1620"}],"curies":[{"name":"wp","href":"https:\/\/api.w.org\/{rel}","templated":true}]}}